{"id":137,"date":"2013-07-30T22:47:15","date_gmt":"2013-07-30T21:47:15","guid":{"rendered":"http:\/\/woodstock.velkabystrice.cz\/wp\/?page_id=137"},"modified":"2025-08-02T17:20:23","modified_gmt":"2025-08-02T16:20:23","slug":"verejna-doprava","status":"publish","type":"page","link":"https:\/\/woodstock.velkabystrice.cz\/wp\/?page_id=137","title":{"rendered":"Ve\u0159ejn\u00e1 doprava"},"content":{"rendered":"<p>PLAT\u00cd JEN PRO HAN\u00c1CK\u00c9 WOODSTOCK<br \/>\nV 1:15 hod. a ve 2:00 hod. odjezd svozov\u00fdch autobus\u016f sm\u011br Olomouc a Hlubo\u010dky z parkovi\u0161t\u011b u z\u00e1mku.<\/p>\n<p>Dopravit se na akci a z akce m\u016f\u017eete n\u00e1sledovn\u011b:<\/p>\n<p><span style=\"text-decoration: underline;\"><strong>Sm\u011br z Olomouce do Velk\u00e9 Byst\u0159ice<br \/>\n<span style=\"background-color: #ffff00; color: #0000ff;\"><b>Pozor! V\u0161echny vlaky na Velk\u00e1 Byst\u0159ice, zast\u00e1vka stav\u00ed&nbsp; JEN NA ZNAMEN\u00cd!<\/b><\/span><br \/>\n<\/strong><\/span><\/p>\n<table align=\"center\">\n<tbody>\n<tr>\n<td>Spoj<\/td>\n<td>Olomouc hlavn\u00ed n\u00e1dra\u017e\u00ed<br \/>\nJeremenkova<\/td>\n<td>Velk\u00e1 Byst\u0159ice<br \/>\nn\u00e1dra\u017e\u00ed<\/td>\n<td>Velk\u00e1 Byst\u0159ice radnice<br \/>\nzast\u00e1vka \u010cD<\/td>\n<\/tr>\n<tr>\n<td>autobus<\/td>\n<td>11:30<\/td>\n<td>&#8212;<\/td>\n<td>11:42<\/td>\n<\/tr>\n<tr>\n<td>vlak<\/td>\n<td>11:36<\/td>\n<td>11:46<\/td>\n<td>11:48<\/td>\n<\/tr>\n<tr>\n<td>autobus<\/td>\n<td>13:20<\/td>\n<td>&#8212;<\/td>\n<td>13:32<\/td>\n<\/tr>\n<tr>\n<td>vlak<\/td>\n<td>13:37<\/td>\n<td>13:46<\/td>\n<td>13:48<\/td>\n<\/tr>\n<tr>\n<td>vlak<\/td>\n<td>14:35<\/td>\n<td>14:48<\/td>\n<td>14:50<\/td>\n<\/tr>\n<tr>\n<td>vlak<\/td>\n<td>16:35<\/td>\n<td>16:51<\/td>\n<td>16:53<\/td>\n<\/tr>\n<tr>\n<td>autobus<\/td>\n<td>17:15<\/td>\n<td>&#8212;<\/td>\n<td>17:27<\/td>\n<\/tr>\n<tr>\n<td>autobus<\/td>\n<td><strong>&nbsp; &nbsp;a<\/strong>18:25<\/td>\n<td>&#8212;<\/td>\n<td>18:36<\/td>\n<\/tr>\n<tr>\n<td>vlak<\/td>\n<td>18:35<\/td>\n<td>18:48<\/td>\n<td>18:50<\/td>\n<\/tr>\n<tr>\n<td>autobus<\/td>\n<td>&nbsp; &nbsp;<strong>a<\/strong>20:05<\/td>\n<td>&#8212;<\/td>\n<td>20:14<\/td>\n<\/tr>\n<tr>\n<td>vlak<\/td>\n<td>20:37<\/td>\n<td>20:49<\/td>\n<td>20:51<\/td>\n<\/tr>\n<\/tbody>\n<\/table>\n<p><strong>a<\/strong>-jede z autobusov\u00e9ho n\u00e1dra\u017e\u00ed<\/p>\n<p><span style=\"text-decoration: underline;\"><strong>Sm\u011br z Velk\u00e9 Byst\u0159ice do Olomouce<br \/>\n<\/strong><\/span><span style=\"background-color: #ffff00; color: #0000ff;\"><b>Pozor! V\u0161echny vlaky na Velk\u00e1 Byst\u0159ice, zast\u00e1vka stav\u00ed JEN NA ZNAMEN\u00cd!<\/b><\/span><\/p>\n<table align=\"center\">\n<tbody>\n<tr>\n<td>Spoj<\/td>\n<td>Velk\u00e1 Byst\u0159ice&nbsp;<br \/>\nzast\u00e1vka \u010cD<\/td>\n<td>Velk\u00e1 Byst\u0159ice<br \/>\nn\u00e1dra\u017e\u00ed<\/td>\n<td>Olomouc hlavn\u00ed n\u00e1dra\u017e\u00ed<br \/>\nJeremenkova<\/td>\n<\/tr>\n<tr>\n<td>vlak<\/td>\n<td>&nbsp; &nbsp;20:39<\/td>\n<td>&nbsp;20:44<\/td>\n<td>20:53<\/td>\n<\/tr>\n<tr>\n<td>vlak<\/td>\n<td>&nbsp;&nbsp; 22:49<\/td>\n<td>&nbsp;22:54<\/td>\n<td>23:02<\/td>\n<\/tr>\n<\/tbody>\n<\/table>\n<p>&nbsp;<\/p>\n","protected":false},"excerpt":{"rendered":"<p>PLAT\u00cd JEN PRO HAN\u00c1CK\u00c9 WOODSTOCK V 1:15 hod. a ve 2:00 hod. odjezd svozov\u00fdch autobus\u016f sm\u011br Olomouc a Hlubo\u010dky z parkovi\u0161t\u011b u z\u00e1mku. Dopravit se na akci a z akce m\u016f\u017eete n\u00e1sledovn\u011b: Sm\u011br z Olomouce do Velk\u00e9 Byst\u0159ice Pozor! V\u0161echny &hellip; <a class=\"more-link\" href=\"https:\/\/woodstock.velkabystrice.cz\/wp\/?page_id=137\">Pokra\u010dovat ve \u010dten\u00ed <span class=\"meta-nav\">&rarr;<\/span><\/a><\/p>\n","protected":false},"author":2,"featured_media":0,"parent":0,"menu_order":0,"comment_status":"closed","ping_status":"closed","template":"","meta":{"ngg_post_thumbnail":0,"footnotes":""},"class_list":["post-137","page","type-page","status-publish","hentry"],"publishpress_future_action":{"enabled":false,"date":"2026-04-27 03:30:56","action":"draft","terms":[],"taxonomy":""},"_links":{"self":[{"href":"https:\/\/woodstock.velkabystrice.cz\/wp\/index.php?rest_route=\/wp\/v2\/pages\/137","targetHints":{"allow":["GET"]}}],"collection":[{"href":"https:\/\/woodstock.velkabystrice.cz\/wp\/index.php?rest_route=\/wp\/v2\/pages"}],"about":[{"href":"https:\/\/woodstock.velkabystrice.cz\/wp\/index.php?rest_route=\/wp\/v2\/types\/page"}],"author":[{"embeddable":true,"href":"https:\/\/woodstock.velkabystrice.cz\/wp\/index.php?rest_route=\/wp\/v2\/users\/2"}],"replies":[{"embeddable":true,"href":"https:\/\/woodstock.velkabystrice.cz\/wp\/index.php?rest_route=%2Fwp%2Fv2%2Fcomments&post=137"}],"version-history":[{"count":37,"href":"https:\/\/woodstock.velkabystrice.cz\/wp\/index.php?rest_route=\/wp\/v2\/pages\/137\/revisions"}],"predecessor-version":[{"id":1231,"href":"https:\/\/woodstock.velkabystrice.cz\/wp\/index.php?rest_route=\/wp\/v2\/pages\/137\/revisions\/1231"}],"wp:attachment":[{"href":"https:\/\/woodstock.velkabystrice.cz\/wp\/index.php?rest_route=%2Fwp%2Fv2%2Fmedia&parent=137"}],"curies":[{"name":"wp","href":"https:\/\/api.w.org\/{rel}","templated":true}]}}