{"id":233,"date":"2014-12-16T11:02:53","date_gmt":"2014-12-16T10:02:53","guid":{"rendered":"http:\/\/woodstock.velkabystrice.cz\/wp\/?page_id=233"},"modified":"2026-04-13T14:24:14","modified_gmt":"2026-04-13T13:24:14","slug":"program-2","status":"publish","type":"page","link":"https:\/\/woodstock.velkabystrice.cz\/wp\/?page_id=233","title":{"rendered":"Program"},"content":{"rendered":"\n\n<table style=\"height: 153px; width: 100%;\" width=\"500\">\n<tbody>\n<tr style=\"height: 17px;\">\n<td style=\"height: 17px; width: 21.5517%;\">&nbsp;Za\u010d\u00e1tek&nbsp;<\/td>\n<td style=\"height: 17px; width: 16.7241%;\">Konec<\/td>\n<td style=\"height: 17px; width: 60%;\">\u00da\u010dinkuje<\/td>\n<\/tr>\n<tr style=\"height: 17px;\">\n<td style=\"height: 17px; width: 21.5517%;\">13:00<\/td>\n<td style=\"height: 17px; width: 16.7241%;\">13:50<\/td>\n<td style=\"height: 17px; width: 60%;\">&nbsp;<\/td>\n<\/tr>\n<tr style=\"height: 17px;\">\n<td style=\"height: 17px; width: 21.5517%;\">14:10<\/td>\n<td style=\"height: 17px; width: 16.7241%;\">15:00<\/td>\n<td style=\"height: 17px; width: 60%;\">&nbsp;<\/td>\n<\/tr>\n<tr style=\"height: 17px;\">\n<td style=\"height: 17px; width: 21.5517%;\">15:30<\/td>\n<td style=\"height: 17px; width: 16.7241%;\">16:30<\/td>\n<td style=\"height: 17px; width: 60%;\">&nbsp;<\/td>\n<\/tr>\n<tr style=\"height: 17px;\">\n<td style=\"height: 17px; width: 21.5517%;\">17:00<\/td>\n<td style=\"height: 17px; width: 16.7241%;\">18:00<\/td>\n<td style=\"height: 17px; width: 60%;\">&nbsp;<\/td>\n<\/tr>\n<tr style=\"height: 17px;\">\n<td style=\"height: 17px; width: 21.5517%;\">18:30<\/td>\n<td style=\"height: 17px; width: 16.7241%;\">19:40<\/td>\n<td style=\"height: 17px; width: 60%;\">&nbsp;<\/td>\n<\/tr>\n<tr style=\"height: 17px;\">\n<td style=\"height: 17px; width: 21.5517%;\">20:20<\/td>\n<td style=\"height: 17px; width: 16.7241%;\">21:30<\/td>\n<td style=\"height: 17px; width: 60%;\">&nbsp;<\/td>\n<\/tr>\n<tr style=\"height: 17px;\">\n<td style=\"height: 17px; width: 21.5517%;\">22:00<\/td>\n<td style=\"height: 17px; width: 16.7241%;\">23:10<\/td>\n<td style=\"height: 17px; width: 60%;\">&nbsp;<\/td>\n<\/tr>\n<tr style=\"height: 17px;\">\n<td style=\"height: 17px; width: 21.5517%;\">23:40<\/td>\n<td style=\"height: 17px; width: 16.7241%;\">00:50<\/td>\n<td style=\"height: 17px; width: 60%;\">&nbsp;<\/td>\n<\/tr>\n<\/tbody>\n<\/table>\n<p>&nbsp;<\/p>\n\n","protected":false},"excerpt":{"rendered":"<p>&nbsp;Za\u010d\u00e1tek&nbsp; Konec \u00da\u010dinkuje 13:00 13:50 &nbsp; 14:10 15:00 &nbsp; 15:30 16:30 &nbsp; 17:00 18:00 &nbsp; 18:30 19:40 &nbsp; 20:20 21:30 &nbsp; 22:00 23:10 &nbsp; 23:40 00:50 &nbsp; &nbsp; &hellip; <a class=\"more-link\" href=\"https:\/\/woodstock.velkabystrice.cz\/wp\/?page_id=233\">Pokra\u010dovat ve \u010dten\u00ed <span class=\"meta-nav\">&rarr;<\/span><\/a><\/p>\n","protected":false},"author":2,"featured_media":0,"parent":0,"menu_order":0,"comment_status":"closed","ping_status":"closed","template":"","meta":{"ngg_post_thumbnail":0,"footnotes":""},"class_list":["post-233","page","type-page","status-publish","hentry"],"publishpress_future_action":{"enabled":false,"date":"2026-04-25 07:29:49","action":"draft","terms":[],"taxonomy":""},"_links":{"self":[{"href":"https:\/\/woodstock.velkabystrice.cz\/wp\/index.php?rest_route=\/wp\/v2\/pages\/233","targetHints":{"allow":["GET"]}}],"collection":[{"href":"https:\/\/woodstock.velkabystrice.cz\/wp\/index.php?rest_route=\/wp\/v2\/pages"}],"about":[{"href":"https:\/\/woodstock.velkabystrice.cz\/wp\/index.php?rest_route=\/wp\/v2\/types\/page"}],"author":[{"embeddable":true,"href":"https:\/\/woodstock.velkabystrice.cz\/wp\/index.php?rest_route=\/wp\/v2\/users\/2"}],"replies":[{"embeddable":true,"href":"https:\/\/woodstock.velkabystrice.cz\/wp\/index.php?rest_route=%2Fwp%2Fv2%2Fcomments&post=233"}],"version-history":[{"count":75,"href":"https:\/\/woodstock.velkabystrice.cz\/wp\/index.php?rest_route=\/wp\/v2\/pages\/233\/revisions"}],"predecessor-version":[{"id":1270,"href":"https:\/\/woodstock.velkabystrice.cz\/wp\/index.php?rest_route=\/wp\/v2\/pages\/233\/revisions\/1270"}],"wp:attachment":[{"href":"https:\/\/woodstock.velkabystrice.cz\/wp\/index.php?rest_route=%2Fwp%2Fv2%2Fmedia&parent=233"}],"curies":[{"name":"wp","href":"https:\/\/api.w.org\/{rel}","templated":true}]}}