{"id":99,"date":"2013-06-25T15:03:00","date_gmt":"2013-06-25T14:03:00","guid":{"rendered":"http:\/\/woodstock.velkabystrice.cz\/wp\/?page_id=99"},"modified":"2026-04-13T14:12:23","modified_gmt":"2026-04-13T13:12:23","slug":"organizacni-rad-festivalu","status":"publish","type":"page","link":"https:\/\/woodstock.velkabystrice.cz\/wp\/?page_id=99","title":{"rendered":"Organiza\u010dn\u00ed \u0159\u00e1d festivalu (plat\u00ed pro Han\u00e1ck\u00e9 Woodstock)"},"content":{"rendered":"<ol>\n<li><strong>Zaplacen\u00e9 vstupn\u00e9 se nevrac\u00ed<\/strong>, vstupenka se na m\u00edst\u011b nevym\u011b\u0148uje!<\/li>\n<li>Po\u0159adatel nenese \u017e\u00e1dnou odpov\u011bdnost ve festivalov\u00e9m are\u00e1lu za \u0161kody zp\u016fsoben\u00e9 na vnesen\u00fdch v\u011bcech, za zcizen\u00e9 vnesen\u00e9 v\u011bci ani za \u00fajmu na zdrav\u00ed.<\/li>\n<li>Osob\u00e1m mlad\u0161\u00edm 13-ti let je vstup do festivalov\u00e9ho are\u00e1lu (z\u00f3ny se vstupn\u00fdm) povolen zdarma a sou\u010dasn\u011b pouze v doprovodu dosp\u011bl\u00e9 osoby, kter\u00e1 za n\u011b doprov\u00e1zen\u00edm p\u0159eb\u00edr\u00e1 osobn\u00ed zodpov\u011bdnost.<\/li>\n<li><strong>Do festivalov\u00e9ho are\u00e1lu (z\u00f3ny se vstupn\u00fdm) je zak\u00e1z\u00e1no vn\u00e1\u0161et jak\u00e9koliv sklen\u011bn\u00e9 l\u00e1hve, plechovky, zbran\u011b, no\u017ee, n\u016f\u017eky, ty\u010de na vlajky a jin\u00e9 kovov\u00e9 \u010di d\u0159ev\u011bn\u00e9&nbsp;p\u0159edm\u011bty&nbsp;a dal\u0161\u00ed p\u0159edm\u011bty, kter\u00e9 by mohly b\u00fdt po\u0159adatelem ozna\u010deny za nebezpe\u010dn\u00e9. Po\u0159adatel si vyhrazuje pr\u00e1vo osobn\u00ed bezpe\u010dnostn\u00ed kontroly!<\/strong><\/li>\n<li><strong>Do festivalov\u00e9ho are\u00e1lu (z\u00f3ny se vstupn\u00fdm) je zak\u00e1z\u00e1no nosit magnetofony, kamery \u010di videokamery. Po\u0159izov\u00e1n\u00ed audio a videoz\u00e1znam\u016f je zak\u00e1z\u00e1no! Poru\u0161en\u00ed tohoto bodu m\u016f\u017ee b\u00fdt klasifikov\u00e1no jako trestn\u00fd \u010din!<\/strong><\/li>\n<li><strong>Focen\u00ed je povoleno!<\/strong><\/li>\n<li>Po\u0159adatel a um\u011blci si vyhrazuj\u00ed pr\u00e1vo filmov\u00e9ho, foto, video a televizn\u00edho z\u00e1znamu koncertu a atmosf\u00e9ry festivalu. N\u00e1v\u0161t\u011bvn\u00edk zaznamenan\u00fd na dokument m\u016f\u017ee b\u00fdt d\u00e1le zve\u0159ej\u0148ov\u00e1n bez dal\u0161\u00edho upozorn\u011bn\u00ed a finan\u010dn\u00ed n\u00e1hrady a zakoupen\u00edm vstupenky na festival d\u00e1v\u00e1 n\u00e1v\u0161t\u011bvn\u00edk k&nbsp;tomuto sv\u016fj informovan\u00fd souhlas.<\/li>\n<li>Pad\u011bl\u00e1n\u00ed vstupenek je nep\u0159\u00edpustn\u00e9 a trest\u00e1 se podle z\u00e1kona!<\/li>\n<li>N\u00e1v\u0161t\u011bvn\u00edci&nbsp; mus\u00ed respektovat pokyny po\u0159adatel\u016f a po\u0159\u00e1dkov\u00e9 slu\u017eby!<\/li>\n<li><strong>Za zakoupenou a po\u0159adatelem znehodnocenou vstupenku obdr\u017e\u00ed n\u00e1v\u0161t\u011bvn\u00edk na vstupu do festivalov\u00e9ho are\u00e1lu \u00fa\u010dastnickou p\u00e1sku na ruku<\/strong>,&nbsp;<strong>se kterou bude mo\u017en\u00fd voln\u00fd pohyb i mimo festivalov\u00fd are\u00e1l a bude slou\u017eit jako vr\u00e1cenka do are\u00e1lu. V p\u0159\u00edpad\u011b ztr\u00e1ty \u00fa\u010dastnick\u00e9 p\u00e1sky ji\u017e nebude vstup do are\u00e1lu umo\u017en\u011bn. V p\u0159\u00edpad\u011b, \u017ee se ve festivalov\u00e9m are\u00e1lu bude nach\u00e1zet osoba bez \u00fa\u010dastnick\u00e9 p\u00e1sky na ruce, bude doty\u010dn\u00e1 osoba z are\u00e1lu vyvedena! Je nutn\u00e9 m\u00edt toto ozna\u010den\u00ed um\u00edst\u011bn\u00e9 viditeln\u011b na ruce po celou dobu kon\u00e1n\u00ed festivalu a kdykoliv na po\u017e\u00e1d\u00e1n\u00ed po\u0159adatele ji tomuto uk\u00e1zat!<\/strong><\/li>\n<li>Soci\u00e1ln\u00ed za\u0159\u00edzen\u00ed (WC, umyvadla) jsou um\u00edst\u011bna ve dvorku z\u00e1padn\u00edho k\u0159\u00eddla z\u00e1mku Velk\u00e1 Byst\u0159ice vedle amfite\u00e1tru za zd\u00ed a jsou sou\u010d\u00e1st\u00ed ve\u0159ejn\u00e9 z\u00f3ny bez vstupn\u00e9ho.<\/li>\n<li>Ob\u010derstvovac\u00ed z\u00f3na \u2013 Byst\u0159ick\u00e9 pivn\u00ed salon (n\u00e1poje, j\u00eddlo) bude um\u00edst\u011bna na Z\u00e1meck\u00e9m n\u00e1m\u011bst\u00ed ve Velk\u00e9 Byst\u0159ici (kolem ka\u0161ny) bezprost\u0159edn\u011b vedle amfite\u00e1tru za zd\u00ed a bude sou\u010d\u00e1st\u00ed ve\u0159ejn\u00e9 z\u00f3ny bez vstupn\u00e9ho.<\/li>\n<li><strong>Vstup do festivalov\u00e9ho are\u00e1lu bude umo\u017en\u011bn v sobotu 1. 8. 2026 od 12:00 hodin<\/strong>, uzav\u0159en\u00ed are\u00e1lu, v\u010detn\u011b ob\u010derstvovac\u00edch z\u00f3n a&nbsp;ve\u0159ejn\u00fdch WC nastane hodinu po skon\u010den\u00ed programu.<\/li>\n<li>Do festivalov\u00e9ho are\u00e1lu&nbsp;(do z\u00f3ny se vstupn\u00fdm)&nbsp;<strong>je zak\u00e1z\u00e1no vodit psy \u010di jin\u00e1 zv\u00ed\u0159ata.<\/strong><\/li>\n<li><strong>Zdravotn\u00ed slu\u017eba bude zaji\u0161t\u011bna 2 kvalifikovan\u00fdmi zdravotn\u00edky, dispe\u010dink zdravotn\u00ed slu\u017eby bude um\u00edst\u011bn v po\u0159adatelsk\u00e9 z\u00f3n\u011b v organiza\u010dn\u00edm \u0161t\u00e1bu za podiem.<\/strong><\/li>\n<li>V z\u00f3n\u011b se vstupenkou (v oplocen\u00e9m are\u00e1lu) budou k dispozici stojany na uzam\u010den\u00ed bicykl\u016f, ov\u0161em bez hl\u00edd\u00e1n\u00ed.<\/li>\n<li>B\u011bhem akce m\u016f\u017ee prob\u00edhat nat\u00e1\u010den\u00ed a fotografov\u00e1n\u00ed z bezpilotn\u00edho prost\u0159edku (tzv. \u201edronu\u201c) v are\u00e1lu amfite\u00e1tru Velk\u00e9 Byst\u0159ice. Bezpilotn\u00ed prost\u0159edek se v \u017e\u00e1dn\u00e9m p\u0159\u00edpad\u011b nebude pohybovat p\u0159\u00edmo nad lidmi, nicm\u00e9n\u011b je nutn\u00e9 dodr\u017eovat tato bezpe\u010dnostn\u00ed opat\u0159en\u00ed:<br \/>\no&nbsp;&nbsp;&nbsp; P\u0159i vzletu a p\u0159ist\u00e1n\u00ed se nepohybovat v z\u00f3n\u011b vyhrazen\u00e9 pro vzlet a p\u0159ist\u00e1n\u00ed bezpilotn\u00edho prost\u0159edku. Tato z\u00f3na bude ohrani\u010dena p\u00e1skou, p\u0159\u00edpadn\u011b organiz\u00e1tory sezn\u00e1men\u00fdmi s bezpe\u010dnostn\u00edmi opat\u0159en\u00edmi.<br \/>\no&nbsp;&nbsp;&nbsp; B\u011bhem letu db\u00e1t pokyn\u016f po\u0159adatel\u016f, p\u0159\u00edpadn\u011b obsluhy bezpilotn\u00edho prost\u0159edku. Tyto osoby budou v\u017edy \u0159\u00e1dn\u011b ozna\u010deny.<br \/>\no&nbsp;&nbsp;&nbsp; B\u011bhem letu nekomunikovat \u017e\u00e1dn\u00fdm zp\u016fsobem s pilotem bezpilotn\u00edho prost\u0159edku.<br \/>\no&nbsp;&nbsp;&nbsp; Nesna\u017eit se \u017e\u00e1dn\u00fdm zp\u016fsobem ohrozit let bezpilotn\u00edho prost\u0159edku.<br \/>\no&nbsp;&nbsp;&nbsp; Ka\u017ed\u00fd vzlet bezpilotn\u00edho prost\u0159edku bude v\u017edy p\u0159edem a dostate\u010dn\u011b ozn\u00e1men moder\u00e1torem akce.<br \/>\no&nbsp;&nbsp;&nbsp; Bezpilotn\u00ed prost\u0159edek, stejn\u011b jako jeho pilot, podl\u00e9h\u00e1 registraci na \u00da\u0159adu pro civiln\u00ed letectv\u00ed \u010cesk\u00e9 Republiky. Je ozna\u010den volac\u00ed zna\u010dkou, poji\u0161t\u011bn proti p\u0159\u00edpadn\u00fdm \u0161kod\u00e1m a spl\u0148uje v\u0161echna bezpe\u010dnostn\u00ed na\u0159\u00edzen\u00ed pro tento typ letadel.<br \/>\no&nbsp;&nbsp;&nbsp; Ve voln\u00fdch chv\u00edl\u00edch v\u00e1m bude samoz\u0159ejm\u011b pilot bezpilotn\u00edho prost\u0159edku k dispozici pro Va\u0161e p\u0159\u00edpadn\u00e9 dotazy.<br \/>\no&nbsp;&nbsp;&nbsp; D\u016fle\u017eit\u00e9! Vstupem na akci (nasazen\u00edm \u00fa\u010dastnick\u00e9 p\u00e1sky na ruku) d\u00e1v\u00e1 \u00fa\u010dastn\u00edk souhlas s po\u0159\u00edzen\u00edm videa a fotografi\u00ed jeho osoby v\u00fdlu\u010dn\u011b pro pot\u0159eby propagace a st\u00e1v\u00e1 se sou\u010d\u00e1st\u00ed p\u0159edm\u011btn\u00e9ho provozu bezpilotn\u00edho prost\u0159edku.<\/li>\n<\/ol>\n<p><strong><u>U\u017eite\u010dn\u00e9 informace:<\/u><\/strong><\/p>\n<ol>\n<li><strong><u>Parkov\u00e1n\u00ed vozidel<\/u><\/strong><strong>:<\/strong> je mo\u017eno na 2 parkovi\u0161t\u00edch vedle Hotelu Z\u00e1mek na Z\u00e1meck\u00e9m n\u00e1m\u011bst\u00ed a d\u00e1le pak pod\u00e9ln\u00fdm st\u00e1n\u00edm na Pivovarsk\u00e9 ulici za Z\u00e1meck\u00fdm parkem.<\/li>\n<li><strong><u>P\u0159ipojen\u00ed k internetu: <\/u><\/strong>WiFi p\u0159ipojen\u00ed pro p\u0159\u00edstup na internet pomoc\u00ed notebook\u016f, netbook\u016f, tablet\u016f, mobiln\u00ed telefon\u016f a dal\u0161\u00edch za\u0159\u00edzen\u00ed s technologi\u00ed WiFi je v amfite\u00e1tru k dispozici p\u0159es vys\u00edla\u010de (SSID) \u201eBYSTRICE-AMFITEATR\u201c&nbsp; a <strong>zdarma<\/strong>.&nbsp;<\/li>\n<li><strong><u>Ubytov\u00e1n\u00ed<br \/>\n<\/u><\/strong>Hotel Z\u00e1mek, Z\u00e1meck\u00e9 n\u00e1m\u011bst\u00ed 773, VB, : 585 351 451, 604 222 551<br \/>\ne-mail: <a href=\"mailto:informace@hotel-zamek.cz\">informace@hotel-zamek.cz<\/a><br \/>\n<a href=\"http:\/\/www.zamekvelkabystrice.cz\/\">www.zamekvelkabystrice.cz<\/a><br \/>\nPenzion Morava, T\u00fdneck\u00e1 788, VB, provozn\u00ed doba: Po-Ne 10-23, tel.: 603&nbsp;811&nbsp;722<br \/>\ne-mail: <a href=\"http:\/\/www.penzion-morava-vb.cz\">http:\/\/www.penzion-morava-vb.cz<br \/>\n<\/a>Ravela ubytovna, Sv\u00e9sedlick\u00e1 24, VB, tel.: 585&nbsp;351&nbsp;551<br \/>\ne-mail: <a href=\"http:\/\/www.ravela.cz\/\">http:\/\/www.ravela.cz\/<\/a><\/li>\n<li><strong><u>Restaurace, pohostinstv\u00ed, cukr\u00e1rna:<br \/>\n<\/u><\/strong>o&nbsp;&nbsp;&nbsp; Byst\u0159ick\u00e9 pivn\u00ed salon na Z\u00e1meck\u00e9m n\u00e1m\u011bst\u00ed \u2013 z\u00e1kladn\u00ed studen\u00e1 i tepl\u00e1 j\u00eddla \u2013 kompletn\u00ed sortiment tepl\u00fdch i studen\u00fdch n\u00e1poj\u016f<br \/>\no&nbsp; &nbsp; Restaurace Z\u00e1mek, Z\u00e1meck\u00e9 n\u00e1m\u011bst\u00ed 773, VB<br \/>\nOtev\u00edrac\u00ed doba: Po \u2013 Ne: 10 \u2013 20 hod.; tel.: 585 351 451, 775 611 165<br \/>\no&nbsp; &nbsp; Pivovar TVARG, Pivovarsk\u00e1 899, VB \u2013 pivo, vlastn\u00ed v\u00fdroba tvar\u016f\u017ek\u016f, restaurace, zahr\u00e1dka<br \/>\nOtev\u00edrac\u00ed doba: \u010ct: 14 \u2013 21 hod., P\u00e1: 14 \u2013 22 hod., So: 11 \u2013 22 hod., Ne: 11 \u2013 20 hod.; tel.: 739 619 019&nbsp; &nbsp;<br \/>\no&nbsp; &nbsp; Pivnice Varna, Pivovarsk\u00e1 900, VB \u2013 venkovn\u00ed posezen\u00ed, gril, v\u00fd\u010dep<br \/>\nOtev\u00edrac\u00ed doba: Po \u2013 P\u00e1: 16 \u2013 22 hod., So \u2013 Ne: 11 \u2013 22 hod.; tel.: 734 657 644<br \/>\no&nbsp; &nbsp; Minipivovar Ni\u010ditel, Lou\u010dn\u00e1 739, VB \u2013 venkovn\u00ed posezen\u00ed, gril, ud\u00edrna, v\u00fd\u010dep<br \/>\nOtev\u00edrac\u00ed doba: \u00dat \u2013 \u010ct: 11 \u2013 21 hod., P\u00e1: 15:30 \u2013 19:30 hod. So: 14 \u2013 22 hod., Ne: 14 \u2013 20 hod.; tel.: 739 159 486&nbsp; &nbsp;<br \/>\no&nbsp; &nbsp; Kaya kebab na N\u00e1dra\u017en\u00ed ulici<br \/>\nOtev\u00edrac\u00ed doba: Po \u2013 Ne: 10 \u2013 22 hod.<br \/>\no&nbsp; &nbsp; Pizza Ibiza, T\u00fdneck\u00e1 9, VB \u2013 pizza, n\u00e1poje v\u010d. rozvozu<br \/>\nOtev\u00edrac\u00ed doba: Ne \u2013 \u010ct: 11 \u2013 22 hod.; P\u00e1 \u2013 So: 11 \u2013 23 hod.; tel. 608 202 425<br \/>\no&nbsp;&nbsp;&nbsp; Kav\u00e1rna na Z\u00e1meck\u00e9m n\u00e1m\u011bst\u00ed, Z\u00e1meck\u00e9 n\u00e1m\u011bst\u00ed 141, VB&nbsp; \u2013 kav\u00e1rna, sendvi\u010de, pol\u00e9vky<br \/>\nOtev\u00edrac\u00ed doba: Po \u2013 zav\u0159eno, \u00dat \u2013 P\u00e1 7 \u2013 19 hod., So \u2013 10 \u2013 18 hod., Ne \u2013 13 \u2013 18 hod., tel.: 723 740 402<br \/>\no&nbsp;&nbsp;&nbsp; Cukr\u00e1rna Galerie, 8. kv\u011btna 73, VB \u2013 cukr\u00e1rna, kav\u00e1rna<br \/>\nOtev\u00edrac\u00ed doba: Po \u2013 Ne: 9 \u2013 19 hod. tel. 603 811 721<br \/>\no&nbsp; &nbsp; Sport Bar (SK Letn\u00e1), Na Letn\u00e9 766, VB \u2013 pivn\u00ed speciality, v\u00fd\u010dep<br \/>\nOtev\u00edrac\u00ed doba: Po \u2013 P\u00e1: 14 \u2013 23 hod., So \u2013 Ne: 10 \u2013 23 hod.; tel. 776 708 173<br \/>\no&nbsp; &nbsp; Restaurace Ml\u00fdn, Ml\u00fdnsk\u00e1 53, VB \u2013 pivn\u00ed speciality, v\u00fd\u010dep<br \/>\nOtev\u00edrac\u00ed doba: \u00dat \u2013 zav\u0159eno, Ne \u2013 Po, St \u2013 \u010ct: 13 \u2013 22 hod., P\u00e1 \u2013 So 13 \u2013 23 hod.; tel. 732 602 208, web: <a href=\"http:\/\/www.mlynvelkabystrice.cz\/\">www.mlynvelkabystrice.cz<\/a><\/li>\n<li><strong><u>Bankomat \u010cesk\u00e9 spo\u0159itelny<\/u><\/strong><strong>: <\/strong>Z\u00e1meck\u00e9 n\u00e1m., hlavn\u00ed ulice, budova Kulturn\u00edho domu Nada\u010dn\u00ed<\/li>\n<li><strong><u>Informace o vlakov\u00fdch spoj\u00edch \u010cD <\/u><\/strong>: 221 111 122<\/li>\n<li><strong><u>Informace o autobusov\u00fdch spoj\u00edch ARRIVA MORAVA, a.s. <\/u><\/strong>: 588 887 788, web: <u><a href=\"http:\/\/www.arriva-morava.cz\">www.arriva-morava.cz<\/a><\/u><\/li>\n<\/ol>\n","protected":false},"excerpt":{"rendered":"<p>Zaplacen\u00e9 vstupn\u00e9 se nevrac\u00ed, vstupenka se na m\u00edst\u011b nevym\u011b\u0148uje! Po\u0159adatel nenese \u017e\u00e1dnou odpov\u011bdnost ve festivalov\u00e9m are\u00e1lu za \u0161kody zp\u016fsoben\u00e9 na vnesen\u00fdch v\u011bcech, za zcizen\u00e9 vnesen\u00e9 v\u011bci ani za \u00fajmu na zdrav\u00ed. Osob\u00e1m mlad\u0161\u00edm 13-ti let je vstup do festivalov\u00e9ho are\u00e1lu &hellip; <a class=\"more-link\" href=\"https:\/\/woodstock.velkabystrice.cz\/wp\/?page_id=99\">Pokra\u010dovat ve \u010dten\u00ed <span class=\"meta-nav\">&rarr;<\/span><\/a><\/p>\n","protected":false},"author":2,"featured_media":0,"parent":0,"menu_order":0,"comment_status":"closed","ping_status":"closed","template":"","meta":{"ngg_post_thumbnail":0,"footnotes":""},"class_list":["post-99","page","type-page","status-publish","hentry"],"publishpress_future_action":{"enabled":false,"date":"2026-04-27 03:39:37","action":"draft","terms":[],"taxonomy":""},"_links":{"self":[{"href":"https:\/\/woodstock.velkabystrice.cz\/wp\/index.php?rest_route=\/wp\/v2\/pages\/99","targetHints":{"allow":["GET"]}}],"collection":[{"href":"https:\/\/woodstock.velkabystrice.cz\/wp\/index.php?rest_route=\/wp\/v2\/pages"}],"about":[{"href":"https:\/\/woodstock.velkabystrice.cz\/wp\/index.php?rest_route=\/wp\/v2\/types\/page"}],"author":[{"embeddable":true,"href":"https:\/\/woodstock.velkabystrice.cz\/wp\/index.php?rest_route=\/wp\/v2\/users\/2"}],"replies":[{"embeddable":true,"href":"https:\/\/woodstock.velkabystrice.cz\/wp\/index.php?rest_route=%2Fwp%2Fv2%2Fcomments&post=99"}],"version-history":[{"count":62,"href":"https:\/\/woodstock.velkabystrice.cz\/wp\/index.php?rest_route=\/wp\/v2\/pages\/99\/revisions"}],"predecessor-version":[{"id":1265,"href":"https:\/\/woodstock.velkabystrice.cz\/wp\/index.php?rest_route=\/wp\/v2\/pages\/99\/revisions\/1265"}],"wp:attachment":[{"href":"https:\/\/woodstock.velkabystrice.cz\/wp\/index.php?rest_route=%2Fwp%2Fv2%2Fmedia&parent=99"}],"curies":[{"name":"wp","href":"https:\/\/api.w.org\/{rel}","templated":true}]}}