{"id":992,"date":"2020-07-14T09:42:40","date_gmt":"2020-07-14T08:42:40","guid":{"rendered":"http:\/\/woodstock.velkabystrice.cz\/wp\/?page_id=992"},"modified":"2026-04-13T13:53:32","modified_gmt":"2026-04-13T12:53:32","slug":"plakat","status":"publish","type":"page","link":"https:\/\/woodstock.velkabystrice.cz\/wp\/?page_id=992","title":{"rendered":"Plak\u00e1t"},"content":{"rendered":"\n<p><a href=\"http:\/\/woodstock.velkabystrice.cz\/wp\/wp-content\/uploads\/2026\/04\/PLAKAT-Hanacke-Woodstock-2026.jpg\"><img loading=\"lazy\" decoding=\"async\" class=\"alignnone size-medium wp-image-1235\" src=\"http:\/\/woodstock.velkabystrice.cz\/wp\/wp-content\/uploads\/2026\/04\/PLAKAT-Hanacke-Woodstock-2026-217x300.jpg\" alt=\"\" width=\"217\" height=\"300\" srcset=\"https:\/\/woodstock.velkabystrice.cz\/wp\/wp-content\/uploads\/2026\/04\/PLAKAT-Hanacke-Woodstock-2026-217x300.jpg 217w, https:\/\/woodstock.velkabystrice.cz\/wp\/wp-content\/uploads\/2026\/04\/PLAKAT-Hanacke-Woodstock-2026-740x1024.jpg 740w, https:\/\/woodstock.velkabystrice.cz\/wp\/wp-content\/uploads\/2026\/04\/PLAKAT-Hanacke-Woodstock-2026-768x1063.jpg 768w, https:\/\/woodstock.velkabystrice.cz\/wp\/wp-content\/uploads\/2026\/04\/PLAKAT-Hanacke-Woodstock-2026.jpg 917w\" sizes=\"auto, (max-width: 217px) 100vw, 217px\" \/><\/a><\/p>\n","protected":false},"excerpt":{"rendered":"<p> &hellip; <a class=\"more-link\" href=\"https:\/\/woodstock.velkabystrice.cz\/wp\/?page_id=992\">Pokra\u010dovat ve \u010dten\u00ed <span class=\"meta-nav\">&rarr;<\/span><\/a><\/p>\n","protected":false},"author":2,"featured_media":0,"parent":0,"menu_order":0,"comment_status":"closed","ping_status":"closed","template":"","meta":{"ngg_post_thumbnail":0,"footnotes":""},"class_list":["post-992","page","type-page","status-publish","hentry"],"publishpress_future_action":{"enabled":false,"date":"2026-04-25 07:24:28","action":"draft","terms":[],"taxonomy":""},"_links":{"self":[{"href":"https:\/\/woodstock.velkabystrice.cz\/wp\/index.php?rest_route=\/wp\/v2\/pages\/992","targetHints":{"allow":["GET"]}}],"collection":[{"href":"https:\/\/woodstock.velkabystrice.cz\/wp\/index.php?rest_route=\/wp\/v2\/pages"}],"about":[{"href":"https:\/\/woodstock.velkabystrice.cz\/wp\/index.php?rest_route=\/wp\/v2\/types\/page"}],"author":[{"embeddable":true,"href":"https:\/\/woodstock.velkabystrice.cz\/wp\/index.php?rest_route=\/wp\/v2\/users\/2"}],"replies":[{"embeddable":true,"href":"https:\/\/woodstock.velkabystrice.cz\/wp\/index.php?rest_route=%2Fwp%2Fv2%2Fcomments&post=992"}],"version-history":[{"count":14,"href":"https:\/\/woodstock.velkabystrice.cz\/wp\/index.php?rest_route=\/wp\/v2\/pages\/992\/revisions"}],"predecessor-version":[{"id":1236,"href":"https:\/\/woodstock.velkabystrice.cz\/wp\/index.php?rest_route=\/wp\/v2\/pages\/992\/revisions\/1236"}],"wp:attachment":[{"href":"https:\/\/woodstock.velkabystrice.cz\/wp\/index.php?rest_route=%2Fwp%2Fv2%2Fmedia&parent=992"}],"curies":[{"name":"wp","href":"https:\/\/api.w.org\/{rel}","templated":true}]}}